{"id":976,"date":"2022-08-23T12:55:02","date_gmt":"2022-08-23T15:55:02","guid":{"rendered":"https:\/\/darkgreen-capybara-211184.hostingersite.com\/?page_id=976"},"modified":"2023-04-19T17:18:33","modified_gmt":"2023-04-19T20:18:33","slug":"bodas-destino","status":"publish","type":"page","link":"https:\/\/tastingmendoza.com\/pt\/bodas-destino\/","title":{"rendered":"Bodas de Destino"},"content":{"rendered":"\t\t<div data-elementor-type=\"wp-page\" data-elementor-id=\"976\" class=\"elementor elementor-976\" data-elementor-post-type=\"page\">\n\t\t\t\t\t\t<section class=\"elementor-section elementor-top-section elementor-element elementor-element-2aa45ac animated-slow elementor-section-boxed elementor-section-height-default elementor-section-height-default\" data-id=\"2aa45ac\" data-element_type=\"section\" data-e-type=\"section\" data-settings=\"{&quot;background_background&quot;:&quot;classic&quot;,&quot;animation&quot;:&quot;none&quot;}\">\n\t\t\t\t\t\t\t<div class=\"elementor-background-overlay\"><\/div>\n\t\t\t\t\t\t\t<div class=\"elementor-container elementor-column-gap-default\">\n\t\t\t\t\t<div class=\"elementor-column elementor-col-100 elementor-top-column elementor-element elementor-element-21c0a97\" data-id=\"21c0a97\" data-element_type=\"column\" data-e-type=\"column\">\n\t\t\t<div class=\"elementor-widget-wrap elementor-element-populated\">\n\t\t\t\t\t\t<section class=\"elementor-section elementor-inner-section elementor-element elementor-element-f75b4d1 elementor-section-boxed elementor-section-height-default elementor-section-height-default\" data-id=\"f75b4d1\" data-element_type=\"section\" data-e-type=\"section\" data-settings=\"{&quot;animation&quot;:&quot;none&quot;}\">\n\t\t\t\t\t\t<div class=\"elementor-container elementor-column-gap-default\">\n\t\t\t\t\t<div class=\"elementor-column elementor-col-50 elementor-inner-column elementor-element elementor-element-74aa9a1 elementor-invisible\" data-id=\"74aa9a1\" data-element_type=\"column\" data-e-type=\"column\" data-settings=\"{&quot;background_background&quot;:&quot;classic&quot;,&quot;animation&quot;:&quot;fadeInLeft&quot;}\">\n\t\t\t<div class=\"elementor-widget-wrap elementor-element-populated\">\n\t\t\t\t\t\t<div class=\"elementor-element elementor-element-e9865ad elementor-widget elementor-widget-image\" data-id=\"e9865ad\" data-element_type=\"widget\" data-e-type=\"widget\" data-widget_type=\"image.default\">\n\t\t\t\t<div class=\"elementor-widget-container\">\n\t\t\t\t\t\t\t\t\t\t\t\t\t\t\t<img fetchpriority=\"high\" decoding=\"async\" width=\"500\" height=\"500\" src=\"https:\/\/tastingmendoza.com\/wp-content\/uploads\/2022\/08\/bodas.jpg\" class=\"attachment-large size-large wp-image-988\" alt=\"\" srcset=\"https:\/\/tastingmendoza.com\/wp-content\/uploads\/2022\/08\/bodas.jpg 500w, https:\/\/tastingmendoza.com\/wp-content\/uploads\/2022\/08\/bodas-300x300.jpg 300w\" sizes=\"(max-width: 500px) 100vw, 500px\" \/>\t\t\t\t\t\t\t\t\t\t\t\t\t\t\t<\/div>\n\t\t\t\t<\/div>\n\t\t\t\t\t<\/div>\n\t\t<\/div>\n\t\t\t\t<div class=\"elementor-column elementor-col-50 elementor-inner-column elementor-element elementor-element-d71302d\" data-id=\"d71302d\" data-element_type=\"column\" data-e-type=\"column\">\n\t\t\t<div class=\"elementor-widget-wrap elementor-element-populated\">\n\t\t\t\t\t\t<div class=\"elementor-element elementor-element-79f92dd elementor-widget elementor-widget-heading\" data-id=\"79f92dd\" data-element_type=\"widget\" data-e-type=\"widget\" data-widget_type=\"heading.default\">\n\t\t\t\t<div class=\"elementor-widget-container\">\n\t\t\t\t\t<h2 class=\"elementor-heading-title elementor-size-default\">BODAS DESTINO - ELOPMENT WEDDING - PROPUESTA MATRIMONIO<\/h2>\t\t\t\t<\/div>\n\t\t\t\t<\/div>\n\t\t\t\t<div class=\"elementor-element elementor-element-54b9ea9 elementor-widget elementor-widget-text-editor\" data-id=\"54b9ea9\" data-element_type=\"widget\" data-e-type=\"widget\" data-widget_type=\"text-editor.default\">\n\t\t\t\t<div class=\"elementor-widget-container\">\n\t\t\t\t\t\t\t\t\t<p>Nos gusta conocernos para respetar sus gustos y preferencias. Planificar los Itinerarios, realizar las reservas y recomendaciones de alojamientos, gestionar los traslados y acompa\u00f1arlos en excursiones exclusivas: las rutas del vino, gastronom\u00eda, d\u00eda de campo, golf, y turismo aventura.<br \/>Previo a la boda, contrataci\u00f3n y gesti\u00f3n de proveedores locales, catering, ambientaci\u00f3n, m\u00fasica, fotograf\u00eda y v\u00eddeo, planificaci\u00f3n de tours y traslados para los invitados.<br \/>Finalmente durante la boda ocuparnos de la organizaci\u00f3n y coordinaci\u00f3n de todos los servicios junto con nuestra asistencia y atenci\u00f3n personalizada.<\/p>\t\t\t\t\t\t\t\t<\/div>\n\t\t\t\t<\/div>\n\t\t\t\t\t<\/div>\n\t\t<\/div>\n\t\t\t\t\t<\/div>\n\t\t<\/section>\n\t\t\t\t\t<\/div>\n\t\t<\/div>\n\t\t\t\t\t<\/div>\n\t\t<\/section>\n\t\t\t\t<section class=\"elementor-section elementor-top-section elementor-element elementor-element-fe7d7d5 elementor-section-boxed elementor-section-height-default elementor-section-height-default\" data-id=\"fe7d7d5\" data-element_type=\"section\" data-e-type=\"section\">\n\t\t\t\t\t\t<div class=\"elementor-container elementor-column-gap-default\">\n\t\t\t\t\t<div class=\"elementor-column elementor-col-100 elementor-top-column elementor-element elementor-element-0634b71\" data-id=\"0634b71\" data-element_type=\"column\" data-e-type=\"column\">\n\t\t\t<div class=\"elementor-widget-wrap elementor-element-populated\">\n\t\t\t\t\t\t<div class=\"elementor-element elementor-element-e55847d elementor-widget elementor-widget-heading\" data-id=\"e55847d\" data-element_type=\"widget\" data-e-type=\"widget\" data-widget_type=\"heading.default\">\n\t\t\t\t<div class=\"elementor-widget-container\">\n\t\t\t\t\t<h2 class=\"elementor-heading-title elementor-size-default\">CONT\u00c1CTENOS<\/h2>\t\t\t\t<\/div>\n\t\t\t\t<\/div>\n\t\t\t\t<div class=\"elementor-element elementor-element-375d751 elementor-widget elementor-widget-text-editor\" data-id=\"375d751\" data-element_type=\"widget\" data-e-type=\"widget\" data-widget_type=\"text-editor.default\">\n\t\t\t\t<div class=\"elementor-widget-container\">\n\t\t\t\t\t\t\t\t\t<p>Para mayor informaci\u00f3n no dude en contactarnos, puede ver nuestros trabajos en nuestras redes. IG:\u00a0<a href=\"https:\/\/www.instagram.com\/mymendoza.wedding\/\" target=\"_blank\" rel=\"noopener\"><strong>mymendoza.wedding<\/strong>\u00a0<\/a>&#8211; website\u00a0<strong><a href=\"http:\/\/mymendozawedding.com\/\" target=\"_blank\" rel=\"noopener\" data-saferedirecturl=\"https:\/\/www.google.com\/url?q=http:\/\/mymendozawedding.com&amp;source=gmail&amp;ust=1671721818844000&amp;usg=AOvVaw3nHsGR04RezC0WfZlUecEA\">mymendozawedding.com<\/a><\/strong><\/p>\t\t\t\t\t\t\t\t<\/div>\n\t\t\t\t<\/div>\n\t\t\t\t<div class=\"elementor-element elementor-element-01d0962 elementor-button-align-stretch elementor-widget elementor-widget-form\" data-id=\"01d0962\" data-element_type=\"widget\" data-e-type=\"widget\" data-settings=\"{&quot;step_next_label&quot;:&quot;Next&quot;,&quot;step_previous_label&quot;:&quot;Previous&quot;,&quot;button_width&quot;:&quot;100&quot;,&quot;step_type&quot;:&quot;number_text&quot;,&quot;step_icon_shape&quot;:&quot;circle&quot;}\" data-widget_type=\"form.default\">\n\t\t\t\t<div class=\"elementor-widget-container\">\n\t\t\t\t\t\t\t<form class=\"elementor-form\" method=\"post\" name=\"New Form\" aria-label=\"New Form\">\n\t\t\t<input type=\"hidden\" name=\"post_id\" value=\"976\"\/>\n\t\t\t<input type=\"hidden\" name=\"form_id\" value=\"01d0962\"\/>\n\t\t\t<input type=\"hidden\" name=\"referer_title\" value=\"Bodas de Destino\" \/>\n\n\t\t\t\t\t\t\t<input type=\"hidden\" name=\"queried_id\" value=\"976\"\/>\n\t\t\t\n\t\t\t<div class=\"elementor-form-fields-wrapper elementor-labels-\">\n\t\t\t\t\t\t\t\t<div class=\"elementor-field-type-text elementor-field-group elementor-column elementor-field-group-name elementor-col-50\">\n\t\t\t\t\t\t\t\t\t\t\t\t<label for=\"form-field-name\" class=\"elementor-field-label elementor-screen-only\">\n\t\t\t\t\t\t\t\tNombre\t\t\t\t\t\t\t<\/label>\n\t\t\t\t\t\t\t\t\t\t\t\t\t\t<input size=\"1\" type=\"text\" name=\"form_fields[name]\" id=\"form-field-name\" class=\"elementor-field elementor-size-sm  elementor-field-textual\" placeholder=\"Nombre\">\n\t\t\t\t\t\t\t\t\t\t\t<\/div>\n\t\t\t\t\t\t\t\t<div class=\"elementor-field-type-text elementor-field-group elementor-column elementor-field-group-field_68949d5 elementor-col-50\">\n\t\t\t\t\t\t\t\t\t\t\t\t<label for=\"form-field-field_68949d5\" class=\"elementor-field-label elementor-screen-only\">\n\t\t\t\t\t\t\t\tApellido\t\t\t\t\t\t\t<\/label>\n\t\t\t\t\t\t\t\t\t\t\t\t\t\t<input size=\"1\" type=\"text\" name=\"form_fields[field_68949d5]\" id=\"form-field-field_68949d5\" class=\"elementor-field elementor-size-sm  elementor-field-textual\" placeholder=\"Apellido\">\n\t\t\t\t\t\t\t\t\t\t\t<\/div>\n\t\t\t\t\t\t\t\t<div class=\"elementor-field-type-text elementor-field-group elementor-column elementor-field-group-email elementor-col-100 elementor-field-required\">\n\t\t\t\t\t\t\t\t\t\t\t\t<label for=\"form-field-email\" class=\"elementor-field-label elementor-screen-only\">\n\t\t\t\t\t\t\t\tPa\u00eds\t\t\t\t\t\t\t<\/label>\n\t\t\t\t\t\t\t\t\t\t\t\t\t\t<input size=\"1\" type=\"text\" name=\"form_fields[email]\" id=\"form-field-email\" class=\"elementor-field elementor-size-sm  elementor-field-textual\" placeholder=\"Pa\u00eds\" required=\"required\">\n\t\t\t\t\t\t\t\t\t\t\t<\/div>\n\t\t\t\t\t\t\t\t<div class=\"elementor-field-type-email elementor-field-group elementor-column elementor-field-group-message elementor-col-100\">\n\t\t\t\t\t\t\t\t\t\t\t\t<label for=\"form-field-message\" class=\"elementor-field-label elementor-screen-only\">\n\t\t\t\t\t\t\t\tE-mail\t\t\t\t\t\t\t<\/label>\n\t\t\t\t\t\t\t\t\t\t\t\t\t\t<input size=\"1\" type=\"email\" name=\"form_fields[message]\" id=\"form-field-message\" class=\"elementor-field elementor-size-sm  elementor-field-textual\" placeholder=\"E-mail\">\n\t\t\t\t\t\t\t\t\t\t\t<\/div>\n\t\t\t\t\t\t\t\t<div class=\"elementor-field-type-date elementor-field-group elementor-column elementor-field-group-field_84218c8 elementor-col-100\">\n\t\t\t\t\t\n\t\t<input type=\"date\" name=\"form_fields[field_84218c8]\" id=\"form-field-field_84218c8\" class=\"elementor-field elementor-size-sm  elementor-field-textual elementor-date-field\" placeholder=\"Fecha boda \/ evento\" pattern=\"[0-9]{4}-[0-9]{2}-[0-9]{2}\">\n\t\t\t\t\t\t<\/div>\n\t\t\t\t\t\t\t\t<div class=\"elementor-field-type-textarea elementor-field-group elementor-column elementor-field-group-field_98fd972 elementor-col-100\">\n\t\t\t\t\t<textarea class=\"elementor-field-textual elementor-field  elementor-size-sm\" name=\"form_fields[field_98fd972]\" id=\"form-field-field_98fd972\" rows=\"4\" placeholder=\"Consulta\"><\/textarea>\t\t\t\t<\/div>\n\t\t\t\t\t\t\t\t<div class=\"elementor-field-type-recaptcha_v3 elementor-field-group elementor-column elementor-field-group-field_ec51f68 elementor-col-100 recaptcha_v3-inline\">\n\t\t\t\t\t<div class=\"elementor-field\" id=\"form-field-field_ec51f68\"><div class=\"elementor-g-recaptcha\" data-sitekey=\"6LeHgKAhAAAAABcFdWmsu2a5746GZ6Zv6Pqpw7XU\" data-type=\"v3\" data-action=\"Form\" data-badge=\"inline\" data-size=\"invisible\"><\/div><\/div>\t\t\t\t<\/div>\n\t\t\t\t\t\t\t\t<div class=\"elementor-field-group elementor-column elementor-field-type-submit elementor-col-100 e-form__buttons\">\n\t\t\t\t\t<button class=\"elementor-button elementor-size-sm\" type=\"submit\">\n\t\t\t\t\t\t<span class=\"elementor-button-content-wrapper\">\n\t\t\t\t\t\t\t\t\t\t\t\t\t\t\t\t\t\t\t\t\t\t<span class=\"elementor-button-text\">ENVIAR<\/span>\n\t\t\t\t\t\t\t\t\t\t\t\t\t<\/span>\n\t\t\t\t\t<\/button>\n\t\t\t\t<\/div>\n\t\t\t<\/div>\n\t\t<\/form>\n\t\t\t\t\t\t<\/div>\n\t\t\t\t<\/div>\n\t\t\t\t\t<\/div>\n\t\t<\/div>\n\t\t\t\t\t<\/div>\n\t\t<\/section>\n\t\t\t\t<section class=\"elementor-section elementor-top-section elementor-element elementor-element-8107fec elementor-section-boxed elementor-section-height-default elementor-section-height-default\" data-id=\"8107fec\" data-element_type=\"section\" data-e-type=\"section\" data-settings=\"{&quot;background_background&quot;:&quot;classic&quot;}\">\n\t\t\t\t\t\t<div class=\"elementor-container elementor-column-gap-default\">\n\t\t\t\t\t<div class=\"elementor-column elementor-col-100 elementor-top-column elementor-element elementor-element-1b2ac91\" data-id=\"1b2ac91\" data-element_type=\"column\" data-e-type=\"column\">\n\t\t\t<div class=\"elementor-widget-wrap elementor-element-populated\">\n\t\t\t\t\t\t<div class=\"elementor-element elementor-element-076a8ea elementor-arrows-position-inside elementor-widget elementor-widget-image-carousel\" data-id=\"076a8ea\" data-element_type=\"widget\" data-e-type=\"widget\" data-settings=\"{&quot;slides_to_show&quot;:&quot;4&quot;,&quot;navigation&quot;:&quot;arrows&quot;,&quot;pause_on_interaction&quot;:&quot;no&quot;,&quot;image_spacing_custom&quot;:{&quot;unit&quot;:&quot;px&quot;,&quot;size&quot;:8,&quot;sizes&quot;:[]},&quot;autoplay_speed&quot;:500,&quot;speed&quot;:5000,&quot;autoplay&quot;:&quot;yes&quot;,&quot;pause_on_hover&quot;:&quot;yes&quot;,&quot;infinite&quot;:&quot;yes&quot;,&quot;image_spacing_custom_tablet&quot;:{&quot;unit&quot;:&quot;px&quot;,&quot;size&quot;:&quot;&quot;,&quot;sizes&quot;:[]},&quot;image_spacing_custom_mobile&quot;:{&quot;unit&quot;:&quot;px&quot;,&quot;size&quot;:&quot;&quot;,&quot;sizes&quot;:[]}}\" data-widget_type=\"image-carousel.default\">\n\t\t\t\t<div class=\"elementor-widget-container\">\n\t\t\t\t\t\t\t<div class=\"elementor-image-carousel-wrapper swiper\" role=\"region\" aria-roledescription=\"carousel\" aria-label=\"Carrusel de im\u00e1genes\" dir=\"ltr\">\n\t\t\t<div class=\"elementor-image-carousel swiper-wrapper swiper-image-stretch\" aria-live=\"off\">\n\t\t\t\t\t\t\t\t<div class=\"swiper-slide\" role=\"group\" aria-roledescription=\"slide\" aria-label=\"1 de 8\"><a data-elementor-open-lightbox=\"yes\" data-elementor-lightbox-slideshow=\"076a8ea\" data-elementor-lightbox-title=\"1023 - Bruna + Guilherme\" data-e-action-hash=\"#elementor-action%3Aaction%3Dlightbox%26settings%3DeyJpZCI6MTQ1OSwidXJsIjoiaHR0cHM6XC9cL3Rhc3RpbmdtZW5kb3phLmNvbVwvd3AtY29udGVudFwvdXBsb2Fkc1wvMjAyMVwvMTJcLzEwMjMtQnJ1bmEtR3VpbGhlcm1lLmpwZyIsInNsaWRlc2hvdyI6IjA3NmE4ZWEifQ%3D%3D\" href=\"https:\/\/tastingmendoza.com\/wp-content\/uploads\/2021\/12\/1023-Bruna-Guilherme.jpg\"><figure class=\"swiper-slide-inner\"><img decoding=\"async\" class=\"swiper-slide-image\" src=\"https:\/\/tastingmendoza.com\/wp-content\/uploads\/2021\/12\/1023-Bruna-Guilherme-300x300.jpg\" alt=\"1023 - Bruna + Guilherme\" \/><\/figure><\/a><\/div><div class=\"swiper-slide\" role=\"group\" aria-roledescription=\"slide\" aria-label=\"2 de 8\"><a data-elementor-open-lightbox=\"yes\" data-elementor-lightbox-slideshow=\"076a8ea\" data-elementor-lightbox-title=\"1017 - Bruna + Guilherme\" data-e-action-hash=\"#elementor-action%3Aaction%3Dlightbox%26settings%3DeyJpZCI6MTQ1OCwidXJsIjoiaHR0cHM6XC9cL3Rhc3RpbmdtZW5kb3phLmNvbVwvd3AtY29udGVudFwvdXBsb2Fkc1wvMjAyMVwvMTJcLzEwMTctQnJ1bmEtR3VpbGhlcm1lLmpwZyIsInNsaWRlc2hvdyI6IjA3NmE4ZWEifQ%3D%3D\" href=\"https:\/\/tastingmendoza.com\/wp-content\/uploads\/2021\/12\/1017-Bruna-Guilherme.jpg\"><figure class=\"swiper-slide-inner\"><img decoding=\"async\" class=\"swiper-slide-image\" src=\"https:\/\/tastingmendoza.com\/wp-content\/uploads\/2021\/12\/1017-Bruna-Guilherme-300x300.jpg\" alt=\"1017 - Bruna + Guilherme\" \/><\/figure><\/a><\/div><div class=\"swiper-slide\" role=\"group\" aria-roledescription=\"slide\" aria-label=\"3 de 8\"><a data-elementor-open-lightbox=\"yes\" data-elementor-lightbox-slideshow=\"076a8ea\" data-elementor-lightbox-title=\"1111 - Bruna + Guilherme\" data-e-action-hash=\"#elementor-action%3Aaction%3Dlightbox%26settings%3DeyJpZCI6MTQ2MSwidXJsIjoiaHR0cHM6XC9cL3Rhc3RpbmdtZW5kb3phLmNvbVwvd3AtY29udGVudFwvdXBsb2Fkc1wvMjAyMVwvMTJcLzExMTEtQnJ1bmEtR3VpbGhlcm1lLmpwZyIsInNsaWRlc2hvdyI6IjA3NmE4ZWEifQ%3D%3D\" href=\"https:\/\/tastingmendoza.com\/wp-content\/uploads\/2021\/12\/1111-Bruna-Guilherme.jpg\"><figure class=\"swiper-slide-inner\"><img decoding=\"async\" class=\"swiper-slide-image\" src=\"https:\/\/tastingmendoza.com\/wp-content\/uploads\/2021\/12\/1111-Bruna-Guilherme-300x300.jpg\" alt=\"1111 - Bruna + Guilherme\" \/><\/figure><\/a><\/div><div class=\"swiper-slide\" role=\"group\" aria-roledescription=\"slide\" aria-label=\"4 de 8\"><a data-elementor-open-lightbox=\"yes\" data-elementor-lightbox-slideshow=\"076a8ea\" data-elementor-lightbox-title=\"1274 - Bruna + Guilherme\" data-e-action-hash=\"#elementor-action%3Aaction%3Dlightbox%26settings%3DeyJpZCI6MTQ2MiwidXJsIjoiaHR0cHM6XC9cL3Rhc3RpbmdtZW5kb3phLmNvbVwvd3AtY29udGVudFwvdXBsb2Fkc1wvMjAyMVwvMTJcLzEyNzQtQnJ1bmEtR3VpbGhlcm1lLmpwZyIsInNsaWRlc2hvdyI6IjA3NmE4ZWEifQ%3D%3D\" href=\"https:\/\/tastingmendoza.com\/wp-content\/uploads\/2021\/12\/1274-Bruna-Guilherme.jpg\"><figure class=\"swiper-slide-inner\"><img decoding=\"async\" class=\"swiper-slide-image\" src=\"https:\/\/tastingmendoza.com\/wp-content\/uploads\/2021\/12\/1274-Bruna-Guilherme-300x300.jpg\" alt=\"1274 - Bruna + Guilherme\" \/><\/figure><\/a><\/div><div class=\"swiper-slide\" role=\"group\" aria-roledescription=\"slide\" aria-label=\"5 de 8\"><a data-elementor-open-lightbox=\"yes\" data-elementor-lightbox-slideshow=\"076a8ea\" data-elementor-lightbox-title=\"1070 - Bruna + Guilherme\" data-e-action-hash=\"#elementor-action%3Aaction%3Dlightbox%26settings%3DeyJpZCI6MTQ2MCwidXJsIjoiaHR0cHM6XC9cL3Rhc3RpbmdtZW5kb3phLmNvbVwvd3AtY29udGVudFwvdXBsb2Fkc1wvMjAyMVwvMTJcLzEwNzAtQnJ1bmEtR3VpbGhlcm1lLmpwZyIsInNsaWRlc2hvdyI6IjA3NmE4ZWEifQ%3D%3D\" href=\"https:\/\/tastingmendoza.com\/wp-content\/uploads\/2021\/12\/1070-Bruna-Guilherme.jpg\"><figure class=\"swiper-slide-inner\"><img decoding=\"async\" class=\"swiper-slide-image\" src=\"https:\/\/tastingmendoza.com\/wp-content\/uploads\/2021\/12\/1070-Bruna-Guilherme-300x300.jpg\" alt=\"1070 - Bruna + Guilherme\" \/><\/figure><\/a><\/div><div class=\"swiper-slide\" role=\"group\" aria-roledescription=\"slide\" aria-label=\"6 de 8\"><a data-elementor-open-lightbox=\"yes\" data-elementor-lightbox-slideshow=\"076a8ea\" data-elementor-lightbox-title=\"29-12-18BodaChristensen-Echevarria-4316\" data-e-action-hash=\"#elementor-action%3Aaction%3Dlightbox%26settings%3DeyJpZCI6MTQ1NywidXJsIjoiaHR0cHM6XC9cL3Rhc3RpbmdtZW5kb3phLmNvbVwvd3AtY29udGVudFwvdXBsb2Fkc1wvMjAyMVwvMTJcLzI5LTEyLTE4Qm9kYUNocmlzdGVuc2VuLUVjaGV2YXJyaWEtNDMxNi5qcGciLCJzbGlkZXNob3ciOiIwNzZhOGVhIn0%3D\" href=\"https:\/\/tastingmendoza.com\/wp-content\/uploads\/2021\/12\/29-12-18BodaChristensen-Echevarria-4316.jpg\"><figure class=\"swiper-slide-inner\"><img decoding=\"async\" class=\"swiper-slide-image\" src=\"https:\/\/tastingmendoza.com\/wp-content\/uploads\/2021\/12\/29-12-18BodaChristensen-Echevarria-4316-300x300.jpg\" alt=\"29-12-18BodaChristensen-Echevarria-4316\" \/><\/figure><\/a><\/div><div class=\"swiper-slide\" role=\"group\" aria-roledescription=\"slide\" aria-label=\"7 de 8\"><a data-elementor-open-lightbox=\"yes\" data-elementor-lightbox-slideshow=\"076a8ea\" data-elementor-lightbox-title=\"(151)-17-02-20BodaKath&amp;Dan-0018\" data-e-action-hash=\"#elementor-action%3Aaction%3Dlightbox%26settings%3DeyJpZCI6MTQ1NSwidXJsIjoiaHR0cHM6XC9cL3Rhc3RpbmdtZW5kb3phLmNvbVwvd3AtY29udGVudFwvdXBsb2Fkc1wvMjAyMVwvMTJcLzE1MS0xNy0wMi0yMEJvZGFLYXRoRGFuLTAwMTguanBnIiwic2xpZGVzaG93IjoiMDc2YThlYSJ9\" href=\"https:\/\/tastingmendoza.com\/wp-content\/uploads\/2021\/12\/151-17-02-20BodaKathDan-0018.jpg\"><figure class=\"swiper-slide-inner\"><img decoding=\"async\" class=\"swiper-slide-image\" src=\"https:\/\/tastingmendoza.com\/wp-content\/uploads\/2021\/12\/151-17-02-20BodaKathDan-0018-300x300.jpg\" alt=\"(151)-17-02-20BodaKath&amp;Dan-0018\" \/><\/figure><\/a><\/div><div class=\"swiper-slide\" role=\"group\" aria-roledescription=\"slide\" aria-label=\"8 de 8\"><a data-elementor-open-lightbox=\"yes\" data-elementor-lightbox-slideshow=\"076a8ea\" data-elementor-lightbox-title=\"bando\" data-e-action-hash=\"#elementor-action%3Aaction%3Dlightbox%26settings%3DeyJpZCI6MTQ3NSwidXJsIjoiaHR0cHM6XC9cL3Rhc3RpbmdtZW5kb3phLmNvbVwvd3AtY29udGVudFwvdXBsb2Fkc1wvMjAyMVwvMTJcL2JhbmRvLmpwZyIsInNsaWRlc2hvdyI6IjA3NmE4ZWEifQ%3D%3D\" href=\"https:\/\/tastingmendoza.com\/wp-content\/uploads\/2021\/12\/bando.jpg\"><figure class=\"swiper-slide-inner\"><img decoding=\"async\" class=\"swiper-slide-image\" src=\"https:\/\/tastingmendoza.com\/wp-content\/uploads\/2021\/12\/bando-300x300.jpg\" alt=\"bando\" \/><\/figure><\/a><\/div>\t\t\t<\/div>\n\t\t\t\t\t\t\t\t\t\t\t\t<div class=\"elementor-swiper-button elementor-swiper-button-prev\" role=\"button\" tabindex=\"0\">\n\t\t\t\t\t\t<i aria-hidden=\"true\" class=\"eicon-chevron-left\"><\/i>\t\t\t\t\t<\/div>\n\t\t\t\t\t<div class=\"elementor-swiper-button elementor-swiper-button-next\" role=\"button\" tabindex=\"0\">\n\t\t\t\t\t\t<i aria-hidden=\"true\" class=\"eicon-chevron-right\"><\/i>\t\t\t\t\t<\/div>\n\t\t\t\t\n\t\t\t\t\t\t\t\t\t<\/div>\n\t\t\t\t\t\t<\/div>\n\t\t\t\t<\/div>\n\t\t\t\t\t<\/div>\n\t\t<\/div>\n\t\t\t\t\t<\/div>\n\t\t<\/section>\n\t\t\t\t<\/div>\n\t\t","protected":false},"excerpt":{"rendered":"<p>BODAS DESTINO &#8211; ELOPMENT WEDDING &#8211; PROPUESTA MATRIMONIO Nos gusta conocernos para respetar sus gustos y preferencias. Planificar los Itinerarios, realizar las reservas y recomendaciones de alojamientos, gestionar los traslados y acompa\u00f1arlos en excursiones exclusivas: las rutas del vino, gastronom\u00eda, d\u00eda de campo, golf, y turismo aventura.Previo a la boda, contrataci\u00f3n y gesti\u00f3n de proveedores [&hellip;]<\/p>\n","protected":false},"author":5,"featured_media":0,"parent":0,"menu_order":0,"comment_status":"closed","ping_status":"closed","template":"","meta":{"footnotes":""},"class_list":["post-976","page","type-page","status-publish","hentry"],"_links":{"self":[{"href":"https:\/\/tastingmendoza.com\/pt\/wp-json\/wp\/v2\/pages\/976","targetHints":{"allow":["GET"]}}],"collection":[{"href":"https:\/\/tastingmendoza.com\/pt\/wp-json\/wp\/v2\/pages"}],"about":[{"href":"https:\/\/tastingmendoza.com\/pt\/wp-json\/wp\/v2\/types\/page"}],"author":[{"embeddable":true,"href":"https:\/\/tastingmendoza.com\/pt\/wp-json\/wp\/v2\/users\/5"}],"replies":[{"embeddable":true,"href":"https:\/\/tastingmendoza.com\/pt\/wp-json\/wp\/v2\/comments?post=976"}],"version-history":[{"count":110,"href":"https:\/\/tastingmendoza.com\/pt\/wp-json\/wp\/v2\/pages\/976\/revisions"}],"predecessor-version":[{"id":1605,"href":"https:\/\/tastingmendoza.com\/pt\/wp-json\/wp\/v2\/pages\/976\/revisions\/1605"}],"wp:attachment":[{"href":"https:\/\/tastingmendoza.com\/pt\/wp-json\/wp\/v2\/media?parent=976"}],"curies":[{"name":"wp","href":"https:\/\/api.w.org\/{rel}","templated":true}]}}